{"id":52,"date":"2024-03-12T22:47:54","date_gmt":"2024-03-12T22:47:54","guid":{"rendered":"https:\/\/gluic.com\/?page_id=52"},"modified":"2024-04-21T18:26:12","modified_gmt":"2024-04-21T18:26:12","slug":"o-autorici","status":"publish","type":"page","link":"https:\/\/gluic.com\/en\/o-autorici\/","title":{"rendered":"About the author"},"content":{"rendered":"<p>[et_pb_section fb_built=&#8221;1&#8243; admin_label=&#8221;O autorici&#8221; _builder_version=&#8221;4.24.2&#8243; _module_preset=&#8221;default&#8221; background_image=&#8221;https:\/\/gluic.com\/wp-content\/uploads\/2024\/04\/lili-gluic-autorica-e1712007564893.jpg&#8221; parallax=&#8221;on&#8221; height=&#8221;90vh&#8221; height_tablet=&#8221;90vh&#8221; height_phone=&#8221;&#8221; height_last_edited=&#8221;on|phone&#8221; custom_padding=&#8221;0px|0px|0px|0px|false|false&#8221; collapsed=&#8221;on&#8221; global_colors_info=&#8221;{}&#8221;][et_pb_row _builder_version=&#8221;4.24.3&#8243; _module_preset=&#8221;default&#8221; height=&#8221;100%&#8221; custom_margin=&#8221;0px||||false|false&#8221; custom_padding=&#8221;0px||||false|false&#8221; global_colors_info=&#8221;{}&#8221;][et_pb_column type=&#8221;4_4&#8243; _builder_version=&#8221;4.24.2&#8243; _module_preset=&#8221;default&#8221; global_colors_info=&#8221;{}&#8221;][\/et_pb_column][\/et_pb_row][\/et_pb_section][et_pb_section fb_built=&#8221;1&#8243; admin_label=&#8221;Tekst o autorici&#8221; _builder_version=&#8221;4.24.3&#8243; _module_preset=&#8221;default&#8221; background_enable_image=&#8221;off&#8221; background_size=&#8221;custom&#8221; background_image_width=&#8221;10%&#8221; background_position=&#8221;bottom_right&#8221; collapsed=&#8221;off&#8221; global_colors_info=&#8221;{}&#8221;][et_pb_row _builder_version=&#8221;4.23.2&#8243; _module_preset=&#8221;default&#8221; global_colors_info=&#8221;{}&#8221;][et_pb_column type=&#8221;4_4&#8243; _builder_version=&#8221;4.23.2&#8243; _module_preset=&#8221;default&#8221; global_colors_info=&#8221;{}&#8221;][et_pb_heading title=&#8221;O autorici&#8221; _builder_version=&#8221;4.24.3&#8243; _module_preset=&#8221;default&#8221; global_colors_info=&#8221;{}&#8221;][\/et_pb_heading][et_pb_text _builder_version=&#8221;4.25.0&#8243; _module_preset=&#8221;default&#8221; text_font=&#8221;|300|||||||&#8221; text_font_size=&#8221;18px&#8221; global_colors_info=&#8221;{}&#8221;]<\/p>\n<p>The painter Lili Glui\u0107 was born in Split on January 6th 1956. She finished elementary and secondary school in Split. In the course of her schooling, life takes her for a period of time to Switzerland (Zurich) and Italy (Milan), where she gets acquainted withEuropean art. She gets married and moves to the Netherlands (Amsterdam, Deventer), where she comes into direct contact with the work of the greatest painters of theHague School and with impressionism in general, and to Canada (Toronto).<\/p>\n<p>It does not take long before she starts expressing the impressions she has gained. As soon as her family commitments let her, her artistic talent finds its way and cannot be stopped. Lily has always pointed out that her first and the most important work of art are her five children whose birth and growing up have taught her that human effort, together with inspiration from God, generates indelible impressions. Lili intensifies her work and starts exhibiting with the help and suggestions of Fani Celio Cega, Ph.D.(director of the Trogir Town Museum), Ivana Prijatelj-Pavi\u010di\u0107, Sr\u0111ana \u0160enauer, Father Branko Peri\u0161a and the late Anatolij Kudrjavcev, Ph.D. who all recognize her authentic talent.<\/p>\n<p>Prvu izlo\u017ebu prire\u0111uje u Muzeju grada Trogira, a likovna joj kritika omogu\u0107uje nastavak niza vi\u0161e od 80 samostalnih izlo\u017ebi do danas, u domovini i inozemstvu. Na poziv milanskog galeriste izla\u017ee u Ars-Italica u centru Milana. Gostuje sa svojim radovima u Galeriji El hogar-Lugones u Buenos Airesu (Argentina). U Hrvatskom domu u Buenos Airesu izlo\u017ebom uveli\u010dava proslavu Dana dr\u017eavnosti, pod pokroviteljstvom RH. Danas njene slike krase prostorije Hrvatskog doma u Buenos Airesu.<\/p>\n<p>Lili has also been engaged in illustrating books, such as the book of sonnets by Father Stanko Jer\u010di\u0107 \"Put Kri\u017ea\" (Way of the Cross), \"\u0160panjolske pjesme za djecu\" (SpanishPoems for Children), and the book of poetry \"I\u0107i dalje\" (Moving On) by Kasija Gruica-Kurtovi\u0107. She is the creator and author of the Guide through Monastery and Church ofSt Frances, as well as of a number of posters and similar graphic products. HerStations of the Cross are adornment to the small Church of the Lady of Lourdes in Ka\u0161tel Luk\u0161i\u0107. She participates in several art colonies on the island of Bra\u010d. The TownDistrict of Ka\u0161tela issues a calendar showing motifs of her paintings. She has also been engaged in art photography. Critical reviews of her work have been written by: Sergio Rotta, Ph.D., Fani Celio Cega, Ph. D., Anatolij Kudrjavcev, Ph. D., RadaDragojevi\u0107, Mirela Duvnjak, Andro Filipi\u0107, Ton\u010di \u0160itin, Ph. D., Nela \u017di\u017ei\u0107, ana Brki\u0107-Filippi, Gita Dragi\u010devi\u0107, Stanko \u0160poljari\u0107 and others.<\/p>\n<p>Her landscapes, views and still life in oil, acrylic and water-color can be found in cultural and government institutions, sacral facilities and private collections at home and abroad.<\/p>\n<p>\u010clan je udruga &#8220;Likos&#8221;, &#8220;Salona art&#8221; i HDLU Zagreb. Sudjeluje na 5. hrvatskom triennalu akvarela s tri rada 2011., Triennalu pasionske ba\u0161tine 2012., Me\u0111unarodnoj izlo\u017ebi na temu &#8220;\u017dena i razli\u010ditosti&#8221; 2013., Me\u0111unarodnoj izlo\u017ebi minijatura u Vr\u0161ilnici i Sarajevu 2015, <span>Me\u0111unarodnoj skupnoj izlo\u017ebi minijatura u Gradskoj knji\u017enici Duborvnik 2022. itd.<\/span><\/p>\n<p>[\/et_pb_text][\/et_pb_column][\/et_pb_row][\/et_pb_section][et_pb_section fb_built=&#8221;1&#8243; admin_label=&#8221;Precaci&#8221; _builder_version=&#8221;4.24.3&#8243; _module_preset=&#8221;default&#8221; background_color=&#8221;#353333&#8243; background_enable_pattern_style=&#8221;on&#8221; background_pattern_color=&#8221;rgba(0,0,0,0.08)&#8221; collapsed=&#8221;off&#8221; global_colors_info=&#8221;{}&#8221;][et_pb_row column_structure=&#8221;1_3,1_3,1_3&#8243; _builder_version=&#8221;4.24.3&#8243; _module_preset=&#8221;default&#8221; max_width=&#8221;none&#8221; custom_margin=&#8221;30px||30px||true|false&#8221; global_colors_info=&#8221;{}&#8221;][et_pb_column type=&#8221;1_3&#8243; _builder_version=&#8221;4.24.2&#8243; _dynamic_attributes=&#8221;link_option_url&#8221; _module_preset=&#8221;default&#8221; link_option_url=&#8221;@ET-DC@eyJkeW5hbWljIjp0cnVlLCJjb250ZW50IjoicG9zdF9saW5rX3VybF9wYWdlIiwic2V0dGluZ3MiOnsicG9zdF9pZCI6IjUwIn19@&#8221; global_colors_info=&#8221;{}&#8221;][et_pb_blurb title=&#8221;GALERIJA&#8221; image=&#8221;https:\/\/gluic.com\/wp-content\/uploads\/2024\/03\/AdobeStock_471439543.png&#8221; admin_label=&#8221;Galerija&#8221; _builder_version=&#8221;4.25.0&#8243; _module_preset=&#8221;default&#8221; header_text_align=&#8221;center&#8221; header_text_color=&#8221;#FFFFFF&#8221; header_font_size=&#8221;22px&#8221; custom_margin=&#8221;50px||50px||true|false&#8221; hover_enabled=&#8221;0&#8243; global_colors_info=&#8221;{}&#8221; url=&#8221;@ET-DC@eyJkeW5hbWljIjp0cnVlLCJjb250ZW50IjoicG9zdF9saW5rX3VybF9wYWdlIiwic2V0dGluZ3MiOnsicG9zdF9pZCI6IjUwIn19@&#8221; _dynamic_attributes=&#8221;url&#8221; sticky_enabled=&#8221;0&#8243;][\/et_pb_blurb][\/et_pb_column][et_pb_column type=&#8221;1_3&#8243; _builder_version=&#8221;4.24.3&#8243; _module_preset=&#8221;default&#8221; global_colors_info=&#8221;{}&#8221;][et_pb_blurb title=&#8221;IZLO\u017dBE&#8221; image=&#8221;https:\/\/gluic.com\/wp-content\/uploads\/2024\/03\/AdobeStock_567072018.png&#8221; admin_label=&#8221;Izlo\u017ebe&#8221; _builder_version=&#8221;4.25.0&#8243; _module_preset=&#8221;default&#8221; header_text_align=&#8221;center&#8221; header_text_color=&#8221;#FFFFFF&#8221; header_font_size=&#8221;22px&#8221; custom_margin=&#8221;50px||50px||true|false&#8221; hover_enabled=&#8221;0&#8243; global_colors_info=&#8221;{}&#8221; url=&#8221;@ET-DC@eyJkeW5hbWljIjp0cnVlLCJjb250ZW50IjoicG9zdF9saW5rX3VybF9wYWdlIiwic2V0dGluZ3MiOnsicG9zdF9pZCI6IjU0In19@&#8221; _dynamic_attributes=&#8221;url&#8221; sticky_enabled=&#8221;0&#8243;][\/et_pb_blurb][\/et_pb_column][et_pb_column _builder_version=&#8221;4.25.0&#8243; _module_preset=&#8221;default&#8221; type=&#8221;1_3&#8243;][et_pb_blurb title=&#8221;GDJE SE NALAZIMO&#8221; image=&#8221;https:\/\/gluic.com\/wp-content\/uploads\/2024\/03\/AdobeStock_455031586.png&#8221; admin_label=&#8221;Gdje se nalazimo&#8221; _builder_version=&#8221;4.25.0&#8243; _module_preset=&#8221;default&#8221; header_text_color=&#8221;#FFFFFF&#8221; header_font_size=&#8221;22px&#8221; text_orientation=&#8221;center&#8221; custom_margin=&#8221;50px||50px||true|false&#8221; hover_enabled=&#8221;0&#8243; global_colors_info=&#8221;{}&#8221; url=&#8221;https:\/\/www.google.com\/maps\/place\/Lili+Glui%C4%87+art+gallery\/@43.5104768,16.4343908,17.44z\/data=!4m6!3m5!1s0x13355dfec41c5db7:0xd0f2e7fa113703ed!8m2!3d43.510704!4d16.4363421!16s%2Fg%2F11c6w2sph3?entry=ttu&#8221; url_new_window=&#8221;on&#8221; sticky_enabled=&#8221;0&#8243;][\/et_pb_blurb][\/et_pb_column][\/et_pb_row][\/et_pb_section][et_pb_section fb_built=&#8221;1&#8243; admin_label=&#8221;Izlozbe&#8221; _builder_version=&#8221;4.24.2&#8243; _module_preset=&#8221;default&#8221; background_color=&#8221;#353333&#8243; background_image=&#8221;https:\/\/gluic.com\/wp-content\/uploads\/2024\/04\/AdobeStock_561718002-tmp.png&#8221; collapsed=&#8221;on&#8221; global_colors_info=&#8221;{}&#8221;][et_pb_row column_structure=&#8221;1_4,1_4,1_4,1_4&#8243; _builder_version=&#8221;4.24.2&#8243; _module_preset=&#8221;default&#8221; global_colors_info=&#8221;{}&#8221;][et_pb_column type=&#8221;1_4&#8243; _builder_version=&#8221;4.24.2&#8243; _module_preset=&#8221;default&#8221; global_colors_info=&#8221;{}&#8221;][et_pb_text _builder_version=&#8221;4.24.2&#8243; _module_preset=&#8221;default&#8221; header_2_text_color=&#8221;#FFFFFF&#8221; header_2_font_size=&#8221;52px&#8221; global_colors_info=&#8221;{}&#8221;]<\/p>\n<h2>Exhibitions<\/h2>\n<p>[\/et_pb_text][\/et_pb_column][et_pb_column type=&#8221;1_4&#8243; _builder_version=&#8221;4.24.2&#8243; _module_preset=&#8221;default&#8221; global_colors_info=&#8221;{}&#8221;][et_pb_text _builder_version=&#8221;4.24.2&#8243; _module_preset=&#8221;default&#8221; background_layout=&#8221;dark&#8221; global_colors_info=&#8221;{}&#8221;]<\/p>\n<p class=\"p2\"><span class=\"s1\">2022. ZAGREB <\/span>9.Triennale akvarela &#8211; PAVILJON ME\u0160TROVI\u0106<\/p>\n<p class=\"p2\"><span class=\"s1\">2022. SLAVONSKI BROD <\/span>9. Triennale akvarela<\/p>\n<p class=\"p2\"><span class=\"s1\">2022. KARLOVAC <\/span>9. Triennale akvarela<\/p>\n<p class=\"p2\"><span class=\"s1\">2022. PULA <\/span>Tematski projekt HDLU-ISTRE<\/p>\n<p class=\"p2\"><span class=\"s1\">2022. DUBROVNIK <\/span>Skupna izlo\u017eba minijatura Dubrovnik &#8211; Gradska knji\u017enica<\/p>\n<p class=\"p2\"><span class=\"s1\">2021. VRANJIC <\/span>U susret Sv. Martinu, Vranjic, Kulturni centar<\/p>\n<p class=\"p2\"><span class=\"s1\">2021. DUGI RAT <\/span>Sje\u0107anje na Vukovar, Dugi Rat, Galerija KRUG<\/p>\n<p>[\/et_pb_text][\/et_pb_column][et_pb_column type=&#8221;1_4&#8243; _builder_version=&#8221;4.24.2&#8243; _module_preset=&#8221;default&#8221; global_colors_info=&#8221;{}&#8221;][et_pb_text _builder_version=&#8221;4.24.2&#8243; _module_preset=&#8221;default&#8221; background_layout=&#8221;dark&#8221; global_colors_info=&#8221;{}&#8221;]<\/p>\n<p class=\"p2\"><span class=\"s1\">2021. SOLIN <\/span>Mali format, Solin, Galerija Zvonimir<\/p>\n<p class=\"p2\"><span class=\"s1\">2021. AJDOV\u0160\u010cINA <\/span>Me\u0111unarodna izlo\u017eba akvarela (biennale), Ajdov\u0161\u010dina, Slovenija<\/p>\n<p><span class=\"s1\">2021. PODSTRANA<span>\u00a0<\/span><\/span>\u2018Dobro jutro more\u2019 \u2013 Gornja Podstrana<\/p>\n<p class=\"p2\"><span class=\"s1\">2021. ZAGREB<span>\u00a0<\/span><\/span>Godi\u0161nja izlo\u017eba HDLU, Zagreb, Galerija Prsten<\/p>\n<p class=\"p2\"><span class=\"s1\">2021. SPLIT<span>\u00a0<\/span><\/span>GKMM \u2013 podru\u017enica Bol<\/p>\n<p class=\"p2\"><span class=\"s1\">2021. NOVA GRADI\u0160KA<span>\u00a0<\/span><\/span>\u017dena, skupna online izlo\u017eba povodom manifestacije \u017dene u Domu kulture<\/p>\n<p>[\/et_pb_text][\/et_pb_column][et_pb_column type=&#8221;1_4&#8243; _builder_version=&#8221;4.24.2&#8243; _module_preset=&#8221;default&#8221; global_colors_info=&#8221;{}&#8221;][et_pb_text _builder_version=&#8221;4.24.2&#8243; _module_preset=&#8221;default&#8221; background_layout=&#8221;dark&#8221; global_colors_info=&#8221;{}&#8221;]<\/p>\n<p class=\"p2\"><span class=\"s1\">2020. SPLIT<\/span>U okviru Dana francuskog jezika i kulture 2020., &#8216;Svjetla Mediterana&#8217;<\/p>\n<p class=\"p2\"><span class=\"s1\">2020. SOLIN <\/span>Teatrin GKS u Solinu &#8216;U te\u0161ka vremena&#8230; treba imati noge za plesanje!&#8217;<\/p>\n<p class=\"p2\"><span class=\"s1\">2020. SPLIT <\/span>Ku\u0107a jezika i kulture na Peristilu, &#8216;Svjetla Mediterana&#8217;<\/p>\n<p class=\"p2\"><span class=\"s1\">2020. ZAGREB <\/span>GODI\u0160NJA IZLO\u017dBA \u010cLANOVA HDLU 2020. DOM HDLU<\/p>\n<p class=\"p2\"><span class=\"s1\">2020. BOL <\/span>Ciklus ljetnih izlo\u017ebi 31. Bolskog lita, &#8216;Ljeto za pam\u0107enje&#8217;<\/p>\n<p class=\"p2\"><span class=\"s1\">2019. \u0160IBENIK <\/span>&#8216;Koze, ribe, tovari i druge be\u0161tije&#8217; &#8211; GK Juraj \u0160i\u017egori\u0107<\/p>\n<p>[\/et_pb_text][\/et_pb_column][\/et_pb_row][et_pb_row _builder_version=&#8221;4.24.2&#8243; _module_preset=&#8221;default&#8221; global_colors_info=&#8221;{}&#8221;][et_pb_column type=&#8221;4_4&#8243; _builder_version=&#8221;4.24.2&#8243; _module_preset=&#8221;default&#8221; global_colors_info=&#8221;{}&#8221;][et_pb_button button_url=&#8221;@ET-DC@eyJkeW5hbWljIjp0cnVlLCJjb250ZW50IjoicG9zdF9saW5rX3VybF9wYWdlIiwic2V0dGluZ3MiOnsicG9zdF9pZCI6IjU0In19@&#8221; button_text=&#8221;SVE IZLO\u017dBE&#8221; button_alignment=&#8221;right&#8221; _builder_version=&#8221;4.25.0&#8243; _dynamic_attributes=&#8221;button_url&#8221; _module_preset=&#8221;38acffed-a643-426d-8355-e7f8fad56ef0&#8243; button_text_color=&#8221;#FFFFFF&#8221; hover_enabled=&#8221;0&#8243; global_colors_info=&#8221;{}&#8221; sticky_enabled=&#8221;0&#8243;][\/et_pb_button][\/et_pb_column][\/et_pb_row][\/et_pb_section]<\/p>","protected":false},"excerpt":{"rendered":"<p>Slikarica Lili Glui\u0107 ro\u0111ena je u Splitu 6.1.1956. godine. Osnovnu i srednju \u0161kolu zavr\u0161ila je u Splitu. Tijekom \u0161kolovanja \u017eivot je odnosi na neko vrijeme u \u0160vicarsku(Zurich) i Italiju (Milano), gdje se upoznaje sa europskom umjetno\u0161\u0107u. Udaje se i seli u Nizozemsku (Amsterdam, Deventer), gdje dolazi u neposredan dodir s djelima vrhunskih majstora ha\u0161ke \u0161kole [&hellip;]<\/p>","protected":false},"author":1,"featured_media":0,"parent":0,"menu_order":0,"comment_status":"closed","ping_status":"closed","template":"","meta":{"_et_pb_use_builder":"on","_et_pb_old_content":"","_et_gb_content_width":"","footnotes":""},"class_list":["post-52","page","type-page","status-publish","hentry"],"_links":{"self":[{"href":"https:\/\/gluic.com\/en\/wp-json\/wp\/v2\/pages\/52","targetHints":{"allow":["GET"]}}],"collection":[{"href":"https:\/\/gluic.com\/en\/wp-json\/wp\/v2\/pages"}],"about":[{"href":"https:\/\/gluic.com\/en\/wp-json\/wp\/v2\/types\/page"}],"author":[{"embeddable":true,"href":"https:\/\/gluic.com\/en\/wp-json\/wp\/v2\/users\/1"}],"replies":[{"embeddable":true,"href":"https:\/\/gluic.com\/en\/wp-json\/wp\/v2\/comments?post=52"}],"version-history":[{"count":7,"href":"https:\/\/gluic.com\/en\/wp-json\/wp\/v2\/pages\/52\/revisions"}],"predecessor-version":[{"id":1093,"href":"https:\/\/gluic.com\/en\/wp-json\/wp\/v2\/pages\/52\/revisions\/1093"}],"wp:attachment":[{"href":"https:\/\/gluic.com\/en\/wp-json\/wp\/v2\/media?parent=52"}],"curies":[{"name":"wp","href":"https:\/\/api.w.org\/{rel}","templated":true}]}}