{"id":54,"date":"2024-03-12T22:48:13","date_gmt":"2024-03-12T22:48:13","guid":{"rendered":"https:\/\/gluic.com\/?page_id=54"},"modified":"2024-07-29T07:45:21","modified_gmt":"2024-07-29T07:45:21","slug":"izlozbe","status":"publish","type":"page","link":"https:\/\/gluic.com\/en\/izlozbe\/","title":{"rendered":"Exhibitions"},"content":{"rendered":"<p>[et_pb_section fb_built=&#8221;1&#8243; admin_label=&#8221;O autorici&#8221; _builder_version=&#8221;4.24.3&#8243; _module_preset=&#8221;default&#8221; background_image=&#8221;https:\/\/gluic.com\/wp-content\/uploads\/2024\/04\/vedute-1-1.jpg&#8221; parallax=&#8221;on&#8221; height=&#8221;90vh&#8221; height_tablet=&#8221;90vh&#8221; height_phone=&#8221;&#8221; height_last_edited=&#8221;on|phone&#8221; custom_padding=&#8221;0px|0px|0px|0px|false|false&#8221; collapsed=&#8221;on&#8221; global_colors_info=&#8221;{}&#8221;][et_pb_row _builder_version=&#8221;4.24.3&#8243; _module_preset=&#8221;default&#8221; height=&#8221;100%&#8221; custom_margin=&#8221;0px||||false|false&#8221; custom_padding=&#8221;0px||||false|false&#8221; global_colors_info=&#8221;{}&#8221;][et_pb_column type=&#8221;4_4&#8243; _builder_version=&#8221;4.24.2&#8243; _module_preset=&#8221;default&#8221; global_colors_info=&#8221;{}&#8221;][et_pb_heading title=&#8221;Izlo\u017ebe&#8221; _builder_version=&#8221;4.24.3&#8243; _module_preset=&#8221;default&#8221; title_font=&#8221;|300|||||||&#8221; title_text_align=&#8221;center&#8221; title_text_color=&#8221;#FFFFFF&#8221; title_font_size=&#8221;68px&#8221; custom_padding=&#8221;48vh||||false|false&#8221; global_colors_info=&#8221;{}&#8221;][\/et_pb_heading][\/et_pb_column][\/et_pb_row][\/et_pb_section][et_pb_section fb_built=&#8221;1&#8243; admin_label=&#8221;Izlo\u017ebe&#8221; _builder_version=&#8221;4.25.0&#8243; _module_preset=&#8221;default&#8221; background_color=&#8221;#393939&#8243; background_enable_image=&#8221;off&#8221; background_size=&#8221;custom&#8221; background_image_width=&#8221;10%&#8221; background_position=&#8221;bottom_right&#8221; collapsed=&#8221;off&#8221; global_colors_info=&#8221;{}&#8221;][et_pb_row admin_label=&#8221;Samostalne izlo\u017ebe&#8221; _builder_version=&#8221;4.25.0&#8243; _module_preset=&#8221;default&#8221; global_colors_info=&#8221;{}&#8221;][et_pb_column type=&#8221;4_4&#8243; _builder_version=&#8221;4.25.0&#8243; _module_preset=&#8221;default&#8221; global_colors_info=&#8221;{}&#8221;][et_pb_text admin_label=&#8221;Naslov&#8221; _builder_version=&#8221;4.25.0&#8243; _module_preset=&#8221;default&#8221; header_text_color=&#8221;#FFFFFF&#8221; global_colors_info=&#8221;{}&#8221;]<\/p>\n<h1>Samostalne izlo\u017ebe<\/h1>\n<p>[\/et_pb_text][\/et_pb_column][\/et_pb_row][et_pb_row column_structure=&#8221;1_3,1_3,1_3&#8243; admin_label=&#8221;Popis samostalnih izlo\u017ebi&#8221; _builder_version=&#8221;4.25.0&#8243; _module_preset=&#8221;default&#8221; global_colors_info=&#8221;{}&#8221;][et_pb_column type=&#8221;1_3&#8243; _builder_version=&#8221;4.25.0&#8243; _module_preset=&#8221;default&#8221; global_colors_info=&#8221;{}&#8221;][et_pb_text _builder_version=&#8221;4.25.0&#8243; _module_preset=&#8221;default&#8221; text_font=&#8221;|300|||||||&#8221; text_text_color=&#8221;#FFFFFF&#8221; text_font_size=&#8221;17px&#8221; header_3_text_color=&#8221;#FFFFFF&#8221; header_4_text_color=&#8221;#FFFFFF&#8221; global_colors_info=&#8221;{}&#8221;]<\/p>\n<h3>2020.<\/h3>\n<p>Oliver, Split i Luka u djelu Lili Glui\u0107, Centar za kulturu Vela Luka, VELA LUKA<\/p>\n<p>\u2018U te\u0161ka vremena\u2026 treba imati noge za plesanje!\u2019, Teatrin GKS, SOLIN<\/p>\n<p>\u2018Svjetla Mediterana\u2019, Ku\u0107a jezika i kulture na Peristilu, SPLIT<\/p>\n<p>\u2018Ljeto za pam\u0107enje\u2019, Ciklus ljetnih izlo\u017ebi 31. Bolskog lita, BOL<\/p>\n<p>&nbsp;<\/p>\n<h3>2019.<\/h3>\n<p>\u2018Koze, ribe, tovari i druge be\u0161tije\u2019, GK Juraj \u0160i\u017egori\u0107, \u0160IBENIK<\/p>\n<p>\u2018Tu sam doma\u2019 \u2013 Muzej grada Splita, SPLIT<\/p>\n<p>&nbsp;<\/p>\n<h3>2017.<\/h3>\n<p>\u2018Ljudi i \u017eivotinje Dalmacije\u2019, Knji\u017enica Marko Maruli\u0107, SPLIT<\/p>\n<p>Muzej grada Splita, SPLIT<\/p>\n<p>Galerija Mona Lisa, PARIZ, FRANCUSKA<\/p>\n<p>&nbsp;<\/p>\n<h3>2016.<\/h3>\n<p>Dvorac Vitturi, KA\u0160TELA<\/p>\n<p>Francuska alijansa, SPLIT<\/p>\n<p>GSK Solin, SOLIN<\/p>\n<p>Centar za kulturu, VELA LUKA<\/p>\n<p>&nbsp;<\/p>\n<h3>2015.<\/h3>\n<p>Galerija \u2018Vinko Draganja\u2019, SPLIT<\/p>\n<p>Muzej grada Trogira, TROGIR<\/p>\n<p>Dom kulture Bol, BOL<\/p>\n<p>&nbsp;<\/p>\n<h3>2014.<\/h3>\n<p>Galerija \u2018Viko Draganja OP\u2019, SPLIT<\/p>\n<p>Galerija Mona Lisa, PARIZ, FRANCUSKA<\/p>\n<p>Gradski muzej Omi\u0161, OMI\u0160<\/p>\n<p>Izlo\u017eba \u2018Nebo nad Splitom\u2019, Francuska alijansa, SPLIT<\/p>\n<p>Gradski muzej Omi\u0161, OMI\u0160<\/p>\n<p>&nbsp;<\/p>\n<h3>2013.<\/h3>\n<p>Knji\u017enica \u2018Marko Maruli\u0107\u2019, SPLIT<\/p>\n<p>Izlo\u017eba fotografija, Francuska alijansa, SPLIT<\/p>\n<p>Dom kulture Bol, BOL<\/p>\n<p>Galerija Brna, BRNA \u2013 KOR\u010cULA<\/p>\n<p>1. izlo\u017eba fotografija, Gradska knji\u017enica, DUBROVNIK<\/p>\n<p>[\/et_pb_text][\/et_pb_column][et_pb_column type=&#8221;1_3&#8243; _builder_version=&#8221;4.25.0&#8243; _module_preset=&#8221;default&#8221; global_colors_info=&#8221;{}&#8221;][et_pb_text _builder_version=&#8221;4.25.0&#8243; _module_preset=&#8221;default&#8221; text_font=&#8221;|300|||||||&#8221; text_text_color=&#8221;#FFFFFF&#8221; text_font_size=&#8221;17px&#8221; header_3_text_color=&#8221;#FFFFFF&#8221; global_colors_info=&#8221;{}&#8221;]<\/p>\n<h3>2012.<\/h3>\n<p>Velika dvorana Hotela Sv. Kri\u017e, TROGIR<\/p>\n<p>Muzej grada Trogira, TROGIR<\/p>\n<p>&nbsp;<\/p>\n<h3>2011.<\/h3>\n<p>Gradska knji\u017enica Marko Maruli\u0107, SPLIT<\/p>\n<p>dvorana \u2018Dom kulture\u2019, BOL<\/p>\n<p>Blato na Kor\u010duli, BLATO, KOR\u010cULA<\/p>\n<p>Gradska knji\u017enica Dubrovnik, DUBROVNIK<\/p>\n<p>Francuska alijansa, SPLIT<\/p>\n<p>&nbsp;<\/p>\n<h3>2010.<\/h3>\n<p>Muzej grada Trogira, TROGIR<\/p>\n<p>Muzej grada Trogira, TROGIR<\/p>\n<p>Francuska alijansa, SPLIT<\/p>\n<p>Muzej grada Splita, SPLIT<\/p>\n<p>&nbsp;<\/p>\n<h3>2009.<\/h3>\n<p>Tisno na Murteru, MURTER<\/p>\n<p>Galerija \u2018Gojak\u2019, MAKARSKA<\/p>\n<p>Gradska knji\u017enica, SOLIN<\/p>\n<p>&nbsp;<\/p>\n<h3>2008.<\/h3>\n<p>Dvorac Vitturi \u2013 Muzej grada Ka\u0161tela, KA\u0160TEL LUK\u0160I\u0106<\/p>\n<p>Galerija \u2018Dom kulture\u2019, BOL<\/p>\n<p>Muzej grada Trogira, TROGIR<\/p>\n<p>&nbsp;<\/p>\n<h3>2007.<\/h3>\n<p>Muzej grada Splita, SPLIT<\/p>\n<p>Dvorana KUD-a, SELCA<\/p>\n<p>Galeria \u2018El Hogar Croatia-Lugones\u2019, BUENOS AIRES, ARGENTINA<\/p>\n<p>Dvorac Vitturi \u2013 Muzej grada Ka\u0161tela, KA\u0160TEL LUK\u0160I\u0106<\/p>\n<p>&nbsp;<\/p>\n<h3>2006.<\/h3>\n<p>Dvorac Vitturi \u2013 Muzej grada Ka\u0161tela, KA\u0160TEL LUK\u0160I\u0106<\/p>\n<p>Muzej grada Trogira, TROGIR<\/p>\n<p>Dvorana osnovne \u0161kole, SUPETAR<\/p>\n<p>Atrij ljetne pozornice \u2018Kavanjin\u2019, SUTIVAN<\/p>\n<p>Galerija \u2018Centar za kulturu\u2019, VELA LUKA<\/p>\n<p>[\/et_pb_text][\/et_pb_column][et_pb_column type=&#8221;1_3&#8243; _builder_version=&#8221;4.25.0&#8243; _module_preset=&#8221;default&#8221; global_colors_info=&#8221;{}&#8221;][et_pb_text _builder_version=&#8221;4.25.0&#8243; _module_preset=&#8221;default&#8221; text_font=&#8221;|300|||||||&#8221; text_text_color=&#8221;#FFFFFF&#8221; text_font_size=&#8221;17px&#8221; header_3_text_color=&#8221;#FFFFFF&#8221; global_colors_info=&#8221;{}&#8221;]<\/p>\n<h3>2005.<\/h3>\n<p>Lapidarij \u017eupne crkve, JELSA<\/p>\n<p>Pinakoteka samostana \u2018Gospa od zdravlja\u2019, SPLIT<\/p>\n<p>&nbsp;<\/p>\n<h3>2004.<\/h3>\n<p>Dvorana \u2018Dom kulture\u2019, BOL<\/p>\n<p>Velika dvorana \u2018Aci marine\u2019, KOR\u010cULA<\/p>\n<p>Dvorana KUD-a \u2018Hrvatski sastanak\u2019, SELCA<\/p>\n<p>&nbsp;<\/p>\n<h3>2003.<\/h3>\n<p>Caffe\u2013galerija \u2018Po bota\u2019, SPLIT<\/p>\n<p>Muzej grada Trogira, TROGIR<\/p>\n<p>Dvorana \u2018Dom kulture\u2019, BOL<\/p>\n<p>Galeria \u2018Ars\u2013italica\u2019, MILANO, ITALIJA<\/p>\n<p>&nbsp;<\/p>\n<h3>2002.<\/h3>\n<p>Caffe\u2013galerija \u2018Po bota\u2019, SPLIT<\/p>\n<p>Galerija \u2018Sv. Marko\u2019 (Muzej hrvatske ba\u0161tine), HVAR<\/p>\n<p>Dvorana \u2018Dom kulture\u2019, BOL<\/p>\n<p>Dvorana KUD-a \u2018Hrvatski sastanak\u2019, SELCA<\/p>\n<p>Pinakoteka samostana \u2018Gospa od zdravlja\u2019, SPLIT<\/p>\n<p>&nbsp;<\/p>\n<h3>2001.<\/h3>\n<p>Galerija \u2018Galiotovi\u0107\u2019, SINJ<\/p>\n<p>Muzej grada Trogira, TROGIR<\/p>\n<p>Velika dvorana hotela \u2018Porat\u2019, PU\u010cI\u0160\u0106A<\/p>\n<p>Crkvica \u2018Sv. Ivana\u2019, SUTIVAN<\/p>\n<p>&nbsp;<\/p>\n<h3>2000.<\/h3>\n<p>Klub \u2018Libertas\u2019 na obali, SPLIT<\/p>\n<p>Pinakoteka samostana \u2018Gospa od zdravlja\u2019, SPLIT<\/p>\n<p>&nbsp;<\/p>\n<h3>1999.<\/h3>\n<p>Muzej grada Trogira, TROGIR<\/p>\n<p>[\/et_pb_text][\/et_pb_column][\/et_pb_row][et_pb_row _builder_version=&#8221;4.25.0&#8243; _module_preset=&#8221;default&#8221; global_colors_info=&#8221;{}&#8221;][et_pb_column type=&#8221;4_4&#8243; _builder_version=&#8221;4.25.0&#8243; _module_preset=&#8221;default&#8221; global_colors_info=&#8221;{}&#8221;][et_pb_divider color=&#8221;#FFFFFF&#8221; _builder_version=&#8221;4.25.0&#8243; _module_preset=&#8221;default&#8221; global_colors_info=&#8221;{}&#8221;][\/et_pb_divider][\/et_pb_column][\/et_pb_row][et_pb_row admin_label=&#8221;Skupne izlo\u017ebe&#8221; _builder_version=&#8221;4.25.0&#8243; _module_preset=&#8221;default&#8221; global_colors_info=&#8221;{}&#8221;][et_pb_column type=&#8221;4_4&#8243; _builder_version=&#8221;4.25.0&#8243; _module_preset=&#8221;default&#8221; global_colors_info=&#8221;{}&#8221;][et_pb_text admin_label=&#8221;Naslov&#8221; _builder_version=&#8221;4.25.0&#8243; _module_preset=&#8221;default&#8221; header_text_color=&#8221;#FFFFFF&#8221; global_colors_info=&#8221;{}&#8221;]<\/p>\n<h1>Skupne izlo\u017ebe<\/h1>\n<p>[\/et_pb_text][\/et_pb_column][\/et_pb_row][et_pb_row column_structure=&#8221;1_3,1_3,1_3&#8243; admin_label=&#8221;Popis skupnih izlo\u017ebi&#8221; _builder_version=&#8221;4.25.0&#8243; _module_preset=&#8221;default&#8221; global_colors_info=&#8221;{}&#8221;][et_pb_column type=&#8221;1_3&#8243; _builder_version=&#8221;4.25.0&#8243; _module_preset=&#8221;default&#8221; global_colors_info=&#8221;{}&#8221;][et_pb_text _builder_version=&#8221;4.27.0&#8243; _module_preset=&#8221;default&#8221; text_font=&#8221;|300|||||||&#8221; text_text_color=&#8221;#FFFFFF&#8221; text_font_size=&#8221;17px&#8221; header_3_text_color=&#8221;#FFFFFF&#8221; hover_enabled=&#8221;0&#8243; global_colors_info=&#8221;{}&#8221; sticky_enabled=&#8221;0&#8243;]<\/p>\n<h3>2024.<\/h3>\n<p>Godi\u0161nja izlo\u017eba \u010dlanova HDLU, Paviljon Me\u0161trovi\u0107, ZAGREB<\/p>\n<p>\u2018Mir\u2019, Pala\u010da Sponza, DUBROVNIK<\/p>\n<p>\u2018Posveta sv. Jeronimu\u2019, Nacionalna i sveu\u010dili\u0161na knji\u017enica u Zagrebu, ZAGREB<\/p>\n<p>&nbsp;<\/p>\n<h3>2023.<\/h3>\n<p>\u2018Ti\u0161ina\u2019, Pala\u010da Sponza, DUBROVNIK<\/p>\n<p>\u2018Posveta sv. Jeronimu\u2019, Sveu\u010dili\u0161na galerija, SPLIT<\/p>\n<p>&nbsp;<\/p>\n<h3>2022.<\/h3>\n<p>9. Triennale akvarela \u2013 Paviljon Me\u0161trovi\u0107, ZAGREB<\/p>\n<p>9. Triennale akvarela, SLAVONSKI BROD<\/p>\n<p>9. Triennale akvarela, KARLOVAC<\/p>\n<p>Tematski projekt HDLU-ISTRE, PULA<\/p>\n<p>Me\u0111unarodna skupna izlo\u017eba minijatura Dubrovnik, Gradska knji\u017enica, DUBROVNIK<\/p>\n<p>Godi\u0161nja izlo\u017eba \u010dlanova HDLU, Galerija Prsten, ZAGREB<\/p>\n<p>&nbsp;<\/p>\n<h3>2021.<\/h3>\n<p>U susret Sv. Ma<span>rtinu, Kulturni centar, VRANJIC<\/span><\/p>\n<p><span>Sje\u0107anje na Vukovar, Galerija KRUG, DUGI RAT<\/span><\/p>\n<p><span>Mali format, Galerija Zvonimir, SOLIN<\/span><\/p>\n<p>Dobro jutro more, GORNJA PODSTRANA<\/p>\n<p>Me\u0111unarodna izlo\u017eba akvarela (biennale), AJDOV\u0160\u010cINA, SLOVENIJA<\/p>\n<p>Godi\u0161nja izlo\u017eba HDLU, Galerija Prsten, ZAGREB<\/p>\n<p>GKMM Split, podru\u017enica BOL<\/p>\n<p>\u017dena, skupna online izlo\u017eba povodom manifestacije \u017dene u Domu kulture, NOVA GRADI\u0160KA<\/p>\n<p>[\/et_pb_text][\/et_pb_column][et_pb_column type=&#8221;1_3&#8243; _builder_version=&#8221;4.25.0&#8243; _module_preset=&#8221;default&#8221; global_colors_info=&#8221;{}&#8221;][et_pb_text _builder_version=&#8221;4.25.0&#8243; _module_preset=&#8221;default&#8221; text_font=&#8221;|300|||||||&#8221; text_text_color=&#8221;#FFFFFF&#8221; text_font_size=&#8221;17px&#8221; header_3_text_color=&#8221;#FFFFFF&#8221; global_colors_info=&#8221;{}&#8221;]<\/p>\n<h3>2020.<\/h3>\n<p>Godi\u0161nja izlo\u017eba \u010dlanova HDLU, Dom HDLU, ZAGREB<\/p>\n<p>&nbsp;<\/p>\n<h3>2019.<\/h3>\n<p>Godi\u0161nja izlo\u017eba \u010dlanova HDLU, Galerija Prsten, ZAGREB<\/p>\n<p>&nbsp;<\/p>\n<h3>2018.<\/h3>\n<p>Godi\u0161nja izlo\u017eba \u010dlanova HDLU, Galerija Prsten, ZAGREB<\/p>\n<p>&nbsp;<\/p>\n<h3>2017.<\/h3>\n<p>Me\u0111unarodna izlo\u017eba minijatura, Rijeka<\/p>\n<p>Godi\u0161nja izlo\u017eba \u010dlanova HDLU, Galerija Prsten, ZAGREB<\/p>\n<p>&nbsp;<\/p>\n<h3>2016.<\/h3>\n<p>Godi\u0161nja izlo\u017eba \u010dlanova HDLU, Galerija Prsten, ZAGREB<\/p>\n<p>&nbsp;<\/p>\n<h3>2015.<\/h3>\n<p>Dom Zvonimir, SOLIN<\/p>\n<p>18. izlo\u017eba \u2018Minijatura\u2019 Vr\u0161ilnica-Zapre\u0161i\u0107, ZAPRE\u0160I\u0106<\/p>\n<p>Francuska medijateka, ZAGREB<\/p>\n<p>Godi\u0161nja izlo\u017eba \u010dlanova HDLU, Galerija Prsten, ZAGREB<\/p>\n<p>[\/et_pb_text][\/et_pb_column][et_pb_column type=&#8221;1_3&#8243; _builder_version=&#8221;4.25.0&#8243; _module_preset=&#8221;default&#8221; global_colors_info=&#8221;{}&#8221;][et_pb_text _builder_version=&#8221;4.25.0&#8243; _module_preset=&#8221;default&#8221; text_font=&#8221;|300|||||||&#8221; text_text_color=&#8221;#FFFFFF&#8221; text_font_size=&#8221;17px&#8221; header_3_text_color=&#8221;#FFFFFF&#8221; global_colors_info=&#8221;{}&#8221;]<\/p>\n<h3>2013.<\/h3>\n<p>Me\u0111unarodna izlo\u017eba \u2018\u017dene i razli\u010ditosti\u2019, PTC Forum, LIVNO<\/p>\n<p>Izlo\u017eba malog formata, Galerija Zvonimir, SOLIN<\/p>\n<p>&nbsp;<\/p>\n<h3>2012.<\/h3>\n<p>Likovna kolonija Makarska, MAKARSKA<\/p>\n<p>Me\u0111unarodna likovna kolonija La\u0161va 2012, VITEZ<\/p>\n<p>V. trienale Pasionske ba\u0161tine, Muzej Mimara, ZAGREB<\/p>\n<p>Galerie La Garenne \u2013 Colombes, PARIZ, FRANCUSKA<\/p>\n<p>&nbsp;<\/p>\n<h3>2011.<\/h3>\n<p>Galerie La Garenne \u2013 Colombes, PARIZ, FRANCUSKA<\/p>\n<p>5. hrv. trienale akvarela, Galerija Zvonimir, ZAGREB<\/p>\n<p>&nbsp;<\/p>\n<h3>2010.<\/h3>\n<p>5. hrvatski triennale akvarela, Galerija umjetnina grada (), SLAVONSKI BROD<\/p>\n<p>5. hr. triennale akvarela, Gradski muzej Karlovac, KARLOVAC<\/p>\n<p>Muzej grada Splita, SPLIT<\/p>\n<p>[\/et_pb_text][\/et_pb_column][\/et_pb_row][\/et_pb_section][et_pb_section fb_built=&#8221;1&#8243; admin_label=&#8221;Precaci&#8221; _builder_version=&#8221;4.24.3&#8243; _module_preset=&#8221;default&#8221; background_color=&#8221;#353333&#8243; background_enable_pattern_style=&#8221;on&#8221; background_pattern_color=&#8221;rgba(0,0,0,0.08)&#8221; collapsed=&#8221;off&#8221; global_colors_info=&#8221;{}&#8221;][et_pb_row column_structure=&#8221;1_4,1_4,1_4,1_4&#8243; _builder_version=&#8221;4.24.3&#8243; _module_preset=&#8221;default&#8221; max_width=&#8221;none&#8221; custom_margin=&#8221;30px||30px||true|false&#8221; global_colors_info=&#8221;{}&#8221;][et_pb_column type=&#8221;1_4&#8243; _builder_version=&#8221;4.24.2&#8243; _dynamic_attributes=&#8221;link_option_url&#8221; _module_preset=&#8221;default&#8221; link_option_url=&#8221;@ET-DC@eyJkeW5hbWljIjp0cnVlLCJjb250ZW50IjoicG9zdF9saW5rX3VybF9wYWdlIiwic2V0dGluZ3MiOnsicG9zdF9pZCI6IjUwIn19@&#8221; global_colors_info=&#8221;{}&#8221;][\/et_pb_column][et_pb_column type=&#8221;1_4&#8243; _builder_version=&#8221;4.24.3&#8243; _module_preset=&#8221;default&#8221; global_colors_info=&#8221;{}&#8221;][et_pb_blurb title=&#8221;GALERIJA&#8221; url=&#8221;@ET-DC@eyJkeW5hbWljIjp0cnVlLCJjb250ZW50IjoicG9zdF9saW5rX3VybF9wYWdlIiwic2V0dGluZ3MiOnsicG9zdF9pZCI6IjUwIn19@&#8221; image=&#8221;https:\/\/gluic.com\/wp-content\/uploads\/2024\/03\/AdobeStock_471439543.png&#8221; admin_label=&#8221;Galerija&#8221; _builder_version=&#8221;4.25.0&#8243; _dynamic_attributes=&#8221;url&#8221; _module_preset=&#8221;default&#8221; header_text_align=&#8221;center&#8221; header_text_color=&#8221;#FFFFFF&#8221; header_font_size=&#8221;22px&#8221; custom_margin=&#8221;50px||50px||true|false&#8221; global_colors_info=&#8221;{}&#8221;][\/et_pb_blurb][\/et_pb_column][et_pb_column type=&#8221;1_4&#8243; _builder_version=&#8221;4.24.3&#8243; _module_preset=&#8221;default&#8221; global_colors_info=&#8221;{}&#8221;][et_pb_blurb title=&#8221;GDJE SE NALAZIMO&#8221; url=&#8221;https:\/\/www.google.com\/maps\/place\/Lili+Glui%C4%87+art+gallery\/@43.5104768,16.4343908,17.44z\/data=!4m6!3m5!1s0x13355dfec41c5db7:0xd0f2e7fa113703ed!8m2!3d43.510704!4d16.4363421!16s%2Fg%2F11c6w2sph3?entry=ttu&#8221; url_new_window=&#8221;on&#8221; image=&#8221;https:\/\/gluic.com\/wp-content\/uploads\/2024\/03\/AdobeStock_455031586.png&#8221; admin_label=&#8221;Gdje se nalazimo&#8221; _builder_version=&#8221;4.25.0&#8243; _module_preset=&#8221;default&#8221; header_text_color=&#8221;#FFFFFF&#8221; header_font_size=&#8221;22px&#8221; text_orientation=&#8221;center&#8221; custom_margin=&#8221;50px||50px||true|false&#8221; global_colors_info=&#8221;{}&#8221;][\/et_pb_blurb][\/et_pb_column][et_pb_column type=&#8221;1_4&#8243; _builder_version=&#8221;4.24.3&#8243; _module_preset=&#8221;default&#8221; global_colors_info=&#8221;{}&#8221;][\/et_pb_column][\/et_pb_row][\/et_pb_section]<\/p>","protected":false},"excerpt":{"rendered":"<p>Samostalne izlo\u017ebe2020. Oliver, Split i Luka u djelu Lili Glui\u0107, Centar za kulturu Vela Luka, VELA LUKA \u2018U te\u0161ka vremena\u2026 treba imati noge za plesanje!\u2019, Teatrin GKS, SOLIN \u2018Svjetla Mediterana\u2019, Ku\u0107a jezika i kulture na Peristilu, SPLIT \u2018Ljeto za pam\u0107enje\u2019, Ciklus ljetnih izlo\u017ebi 31. Bolskog lita, BOL &nbsp; 2019. \u2018Koze, ribe, tovari i druge be\u0161tije\u2019, [&hellip;]<\/p>","protected":false},"author":1,"featured_media":0,"parent":0,"menu_order":0,"comment_status":"closed","ping_status":"closed","template":"","meta":{"_et_pb_use_builder":"on","_et_pb_old_content":"","_et_gb_content_width":"","footnotes":""},"class_list":["post-54","page","type-page","status-publish","hentry"],"_links":{"self":[{"href":"https:\/\/gluic.com\/en\/wp-json\/wp\/v2\/pages\/54","targetHints":{"allow":["GET"]}}],"collection":[{"href":"https:\/\/gluic.com\/en\/wp-json\/wp\/v2\/pages"}],"about":[{"href":"https:\/\/gluic.com\/en\/wp-json\/wp\/v2\/types\/page"}],"author":[{"embeddable":true,"href":"https:\/\/gluic.com\/en\/wp-json\/wp\/v2\/users\/1"}],"replies":[{"embeddable":true,"href":"https:\/\/gluic.com\/en\/wp-json\/wp\/v2\/comments?post=54"}],"version-history":[{"count":23,"href":"https:\/\/gluic.com\/en\/wp-json\/wp\/v2\/pages\/54\/revisions"}],"predecessor-version":[{"id":1121,"href":"https:\/\/gluic.com\/en\/wp-json\/wp\/v2\/pages\/54\/revisions\/1121"}],"wp:attachment":[{"href":"https:\/\/gluic.com\/en\/wp-json\/wp\/v2\/media?parent=54"}],"curies":[{"name":"wp","href":"https:\/\/api.w.org\/{rel}","templated":true}]}}