{"id":56,"date":"2024-03-12T22:48:26","date_gmt":"2024-03-12T22:48:26","guid":{"rendered":"https:\/\/gluic.com\/?page_id=56"},"modified":"2024-04-21T18:28:15","modified_gmt":"2024-04-21T18:28:15","slug":"kritike","status":"publish","type":"page","link":"https:\/\/gluic.com\/en\/kritike\/","title":{"rendered":"Critiques"},"content":{"rendered":"<p>[et_pb_section fb_built=&#8221;1&#8243; admin_label=&#8221;O autorici&#8221; _builder_version=&#8221;4.24.3&#8243; _module_preset=&#8221;default&#8221; background_image=&#8221;https:\/\/gluic.com\/wp-content\/uploads\/2024\/04\/vedute-3.jpg&#8221; parallax=&#8221;on&#8221; height=&#8221;90vh&#8221; height_tablet=&#8221;90vh&#8221; height_phone=&#8221;&#8221; height_last_edited=&#8221;on|phone&#8221; custom_padding=&#8221;0px|0px|0px|0px|false|false&#8221; collapsed=&#8221;on&#8221; global_colors_info=&#8221;{}&#8221;][et_pb_row _builder_version=&#8221;4.24.3&#8243; _module_preset=&#8221;default&#8221; height=&#8221;100%&#8221; custom_margin=&#8221;0px||||false|false&#8221; custom_padding=&#8221;0px||||false|false&#8221; global_colors_info=&#8221;{}&#8221;][et_pb_column type=&#8221;4_4&#8243; _builder_version=&#8221;4.24.2&#8243; _module_preset=&#8221;default&#8221; global_colors_info=&#8221;{}&#8221;][\/et_pb_column][\/et_pb_row][\/et_pb_section][et_pb_section fb_built=&#8221;1&#8243; admin_label=&#8221;Tekst o autorici&#8221; _builder_version=&#8221;4.24.3&#8243; _module_preset=&#8221;default&#8221; background_enable_image=&#8221;off&#8221; background_size=&#8221;custom&#8221; background_image_width=&#8221;10%&#8221; background_position=&#8221;bottom_right&#8221; collapsed=&#8221;off&#8221; global_colors_info=&#8221;{}&#8221;][et_pb_row _builder_version=&#8221;4.23.2&#8243; _module_preset=&#8221;default&#8221; global_colors_info=&#8221;{}&#8221;][et_pb_column type=&#8221;4_4&#8243; _builder_version=&#8221;4.23.2&#8243; _module_preset=&#8221;default&#8221; global_colors_info=&#8221;{}&#8221;][et_pb_heading title=&#8221;Kritike&#8221; _builder_version=&#8221;4.24.3&#8243; _module_preset=&#8221;default&#8221; global_colors_info=&#8221;{}&#8221;][\/et_pb_heading][\/et_pb_column][\/et_pb_row][et_pb_row column_structure=&#8221;1_4,3_4&#8243; _builder_version=&#8221;4.24.3&#8243; _module_preset=&#8221;default&#8221; global_colors_info=&#8221;{}&#8221;][et_pb_column type=&#8221;1_4&#8243; _builder_version=&#8221;4.24.3&#8243; _module_preset=&#8221;default&#8221; global_colors_info=&#8221;{}&#8221;][et_pb_menu menu_id=&#8221;10&#8243; _builder_version=&#8221;4.24.3&#8243; _module_preset=&#8221;default&#8221; global_colors_info=&#8221;{}&#8221;][\/et_pb_menu][\/et_pb_column][et_pb_column type=&#8221;3_4&#8243; _builder_version=&#8221;4.24.3&#8243; _module_preset=&#8221;default&#8221; global_colors_info=&#8221;{}&#8221;][et_pb_blog show_thumbnail=&#8221;off&#8221; show_author=&#8221;off&#8221; show_date=&#8221;off&#8221; show_categories=&#8221;off&#8221; _builder_version=&#8221;4.24.3&#8243; _module_preset=&#8221;default&#8221; global_colors_info=&#8221;{}&#8221;][\/et_pb_blog][\/et_pb_column][\/et_pb_row][\/et_pb_section][et_pb_section fb_built=&#8221;1&#8243; admin_label=&#8221;Precaci&#8221; _builder_version=&#8221;4.24.3&#8243; _module_preset=&#8221;default&#8221; background_color=&#8221;#353333&#8243; background_enable_pattern_style=&#8221;on&#8221; background_pattern_color=&#8221;rgba(0,0,0,0.08)&#8221; collapsed=&#8221;off&#8221; global_colors_info=&#8221;{}&#8221;][et_pb_row column_structure=&#8221;1_3,1_3,1_3&#8243; _builder_version=&#8221;4.24.3&#8243; _module_preset=&#8221;default&#8221; max_width=&#8221;none&#8221; custom_margin=&#8221;30px||30px||true|false&#8221; global_colors_info=&#8221;{}&#8221;][et_pb_column type=&#8221;1_3&#8243; _builder_version=&#8221;4.24.2&#8243; _dynamic_attributes=&#8221;link_option_url&#8221; _module_preset=&#8221;default&#8221; link_option_url=&#8221;@ET-DC@eyJkeW5hbWljIjp0cnVlLCJjb250ZW50IjoicG9zdF9saW5rX3VybF9wYWdlIiwic2V0dGluZ3MiOnsicG9zdF9pZCI6IjUwIn19@&#8221; global_colors_info=&#8221;{}&#8221;][et_pb_blurb title=&#8221;GALERIJA&#8221; image=&#8221;https:\/\/gluic.com\/wp-content\/uploads\/2024\/03\/AdobeStock_471439543.png&#8221; admin_label=&#8221;Galerija&#8221; _builder_version=&#8221;4.25.0&#8243; _module_preset=&#8221;default&#8221; header_text_align=&#8221;center&#8221; header_text_color=&#8221;#FFFFFF&#8221; header_font_size=&#8221;22px&#8221; custom_margin=&#8221;50px||50px||true|false&#8221; hover_enabled=&#8221;0&#8243; global_colors_info=&#8221;{}&#8221; url=&#8221;@ET-DC@eyJkeW5hbWljIjp0cnVlLCJjb250ZW50IjoicG9zdF9saW5rX3VybF9wYWdlIiwic2V0dGluZ3MiOnsicG9zdF9pZCI6IjUwIn19@&#8221; _dynamic_attributes=&#8221;url&#8221; sticky_enabled=&#8221;0&#8243;][\/et_pb_blurb][\/et_pb_column][et_pb_column type=&#8221;1_3&#8243; _builder_version=&#8221;4.24.3&#8243; _module_preset=&#8221;default&#8221; global_colors_info=&#8221;{}&#8221;][et_pb_blurb title=&#8221;IZLO\u017dBE&#8221; image=&#8221;https:\/\/gluic.com\/wp-content\/uploads\/2024\/03\/AdobeStock_567072018.png&#8221; admin_label=&#8221;Izlo\u017ebe&#8221; _builder_version=&#8221;4.25.0&#8243; _module_preset=&#8221;default&#8221; header_text_align=&#8221;center&#8221; header_text_color=&#8221;#FFFFFF&#8221; header_font_size=&#8221;22px&#8221; custom_margin=&#8221;50px||50px||true|false&#8221; hover_enabled=&#8221;0&#8243; global_colors_info=&#8221;{}&#8221; url=&#8221;@ET-DC@eyJkeW5hbWljIjp0cnVlLCJjb250ZW50IjoicG9zdF9saW5rX3VybF9wYWdlIiwic2V0dGluZ3MiOnsicG9zdF9pZCI6IjU0In19@&#8221; _dynamic_attributes=&#8221;url&#8221; sticky_enabled=&#8221;0&#8243;][\/et_pb_blurb][\/et_pb_column][et_pb_column _builder_version=&#8221;4.25.0&#8243; _module_preset=&#8221;default&#8221; type=&#8221;1_3&#8243;][et_pb_blurb title=&#8221;GDJE SE NALAZIMO&#8221; image=&#8221;https:\/\/gluic.com\/wp-content\/uploads\/2024\/03\/AdobeStock_455031586.png&#8221; admin_label=&#8221;Gdje se nalazimo&#8221; _builder_version=&#8221;4.25.0&#8243; _module_preset=&#8221;default&#8221; header_text_color=&#8221;#FFFFFF&#8221; header_font_size=&#8221;22px&#8221; text_orientation=&#8221;center&#8221; custom_margin=&#8221;50px||50px||true|false&#8221; hover_enabled=&#8221;0&#8243; global_colors_info=&#8221;{}&#8221; url_new_window=&#8221;on&#8221; url=&#8221;https:\/\/www.google.com\/maps\/place\/Lili+Glui%C4%87+art+gallery\/@43.5104768,16.4343908,17.44z\/data=!4m6!3m5!1s0x13355dfec41c5db7:0xd0f2e7fa113703ed!8m2!3d43.510704!4d16.4363421!16s%2Fg%2F11c6w2sph3?entry=ttu&#8221; sticky_enabled=&#8221;0&#8243;][\/et_pb_blurb][\/et_pb_column][\/et_pb_row][\/et_pb_section][et_pb_section fb_built=&#8221;1&#8243; admin_label=&#8221;Izlozbe&#8221; _builder_version=&#8221;4.24.2&#8243; _module_preset=&#8221;default&#8221; background_color=&#8221;#353333&#8243; background_image=&#8221;https:\/\/gluic.com\/wp-content\/uploads\/2024\/04\/AdobeStock_561718002-tmp.png&#8221; collapsed=&#8221;on&#8221; global_colors_info=&#8221;{}&#8221;][et_pb_row column_structure=&#8221;1_4,1_4,1_4,1_4&#8243; _builder_version=&#8221;4.24.2&#8243; _module_preset=&#8221;default&#8221; global_colors_info=&#8221;{}&#8221;][et_pb_column type=&#8221;1_4&#8243; _builder_version=&#8221;4.24.2&#8243; _module_preset=&#8221;default&#8221; global_colors_info=&#8221;{}&#8221;][et_pb_text _builder_version=&#8221;4.24.2&#8243; _module_preset=&#8221;default&#8221; header_2_text_color=&#8221;#FFFFFF&#8221; header_2_font_size=&#8221;52px&#8221; global_colors_info=&#8221;{}&#8221;]<\/p>\n<h2>Exhibitions<\/h2>\n<p>[\/et_pb_text][\/et_pb_column][et_pb_column type=&#8221;1_4&#8243; _builder_version=&#8221;4.24.2&#8243; _module_preset=&#8221;default&#8221; global_colors_info=&#8221;{}&#8221;][et_pb_text _builder_version=&#8221;4.24.2&#8243; _module_preset=&#8221;default&#8221; background_layout=&#8221;dark&#8221; global_colors_info=&#8221;{}&#8221;]<\/p>\n<p class=\"p2\"><span class=\"s1\">2022. ZAGREB <\/span>9.Triennale akvarela &#8211; PAVILJON ME\u0160TROVI\u0106<\/p>\n<p class=\"p2\"><span class=\"s1\">2022. SLAVONSKI BROD <\/span>9. Triennale akvarela<\/p>\n<p class=\"p2\"><span class=\"s1\">2022. KARLOVAC <\/span>9. Triennale akvarela<\/p>\n<p class=\"p2\"><span class=\"s1\">2022. PULA <\/span>Tematski projekt HDLU-ISTRE<\/p>\n<p class=\"p2\"><span class=\"s1\">2022. DUBROVNIK <\/span>Skupna izlo\u017eba minijatura Dubrovnik &#8211; Gradska knji\u017enica<\/p>\n<p class=\"p2\"><span class=\"s1\">2021. VRANJIC <\/span>U susret Sv. Martinu, Vranjic, Kulturni centar<\/p>\n<p class=\"p2\"><span class=\"s1\">2021. DUGI RAT <\/span>Sje\u0107anje na Vukovar, Dugi Rat, Galerija KRUG<\/p>\n<p>[\/et_pb_text][\/et_pb_column][et_pb_column type=&#8221;1_4&#8243; _builder_version=&#8221;4.24.2&#8243; _module_preset=&#8221;default&#8221; global_colors_info=&#8221;{}&#8221;][et_pb_text _builder_version=&#8221;4.24.2&#8243; _module_preset=&#8221;default&#8221; background_layout=&#8221;dark&#8221; global_colors_info=&#8221;{}&#8221;]<\/p>\n<p class=\"p2\"><span class=\"s1\">2021. SOLIN <\/span>Mali format, Solin, Galerija Zvonimir<\/p>\n<p class=\"p2\"><span class=\"s1\">2021. AJDOV\u0160\u010cINA <\/span>Me\u0111unarodna izlo\u017eba akvarela (biennale), Ajdov\u0161\u010dina, Slovenija<\/p>\n<p><span class=\"s1\">2021. PODSTRANA<span>\u00a0<\/span><\/span>\u2018Dobro jutro more\u2019 \u2013 Gornja Podstrana<\/p>\n<p class=\"p2\"><span class=\"s1\">2021. ZAGREB<span>\u00a0<\/span><\/span>Godi\u0161nja izlo\u017eba HDLU, Zagreb, Galerija Prsten<\/p>\n<p class=\"p2\"><span class=\"s1\">2021. SPLIT<span>\u00a0<\/span><\/span>GKMM \u2013 podru\u017enica Bol<\/p>\n<p class=\"p2\"><span class=\"s1\">2021. NOVA GRADI\u0160KA<span>\u00a0<\/span><\/span>\u017dena, skupna online izlo\u017eba povodom manifestacije \u017dene u Domu kulture<\/p>\n<p>[\/et_pb_text][\/et_pb_column][et_pb_column type=&#8221;1_4&#8243; _builder_version=&#8221;4.24.2&#8243; _module_preset=&#8221;default&#8221; global_colors_info=&#8221;{}&#8221;][et_pb_text _builder_version=&#8221;4.24.2&#8243; _module_preset=&#8221;default&#8221; background_layout=&#8221;dark&#8221; global_colors_info=&#8221;{}&#8221;]<\/p>\n<p class=\"p2\"><span class=\"s1\">2020. SPLIT<\/span>U okviru Dana francuskog jezika i kulture 2020., &#8216;Svjetla Mediterana&#8217;<\/p>\n<p class=\"p2\"><span class=\"s1\">2020. SOLIN <\/span>Teatrin GKS u Solinu &#8216;U te\u0161ka vremena&#8230; treba imati noge za plesanje!&#8217;<\/p>\n<p class=\"p2\"><span class=\"s1\">2020. SPLIT <\/span>Ku\u0107a jezika i kulture na Peristilu, &#8216;Svjetla Mediterana&#8217;<\/p>\n<p class=\"p2\"><span class=\"s1\">2020. ZAGREB <\/span>GODI\u0160NJA IZLO\u017dBA \u010cLANOVA HDLU 2020. DOM HDLU<\/p>\n<p class=\"p2\"><span class=\"s1\">2020. BOL <\/span>Ciklus ljetnih izlo\u017ebi 31. Bolskog lita, &#8216;Ljeto za pam\u0107enje&#8217;<\/p>\n<p class=\"p2\"><span class=\"s1\">2019. \u0160IBENIK <\/span>&#8216;Koze, ribe, tovari i druge be\u0161tije&#8217; &#8211; GK Juraj \u0160i\u017egori\u0107<\/p>\n<p>[\/et_pb_text][\/et_pb_column][\/et_pb_row][et_pb_row _builder_version=&#8221;4.24.2&#8243; _module_preset=&#8221;default&#8221; global_colors_info=&#8221;{}&#8221;][et_pb_column type=&#8221;4_4&#8243; _builder_version=&#8221;4.24.2&#8243; _module_preset=&#8221;default&#8221; global_colors_info=&#8221;{}&#8221;][et_pb_button button_url=&#8221;@ET-DC@eyJkeW5hbWljIjp0cnVlLCJjb250ZW50IjoicG9zdF9saW5rX3VybF9wYWdlIiwic2V0dGluZ3MiOnsicG9zdF9pZCI6IjU0In19@&#8221; button_text=&#8221;SVE IZLO\u017dBE&#8221; button_alignment=&#8221;right&#8221; _builder_version=&#8221;4.25.0&#8243; _dynamic_attributes=&#8221;button_url&#8221; _module_preset=&#8221;38acffed-a643-426d-8355-e7f8fad56ef0&#8243; button_text_color=&#8221;#FFFFFF&#8221; hover_enabled=&#8221;0&#8243; global_colors_info=&#8221;{}&#8221; sticky_enabled=&#8221;0&#8243;][\/et_pb_button][\/et_pb_column][\/et_pb_row][\/et_pb_section]<\/p>","protected":false},"excerpt":{"rendered":"<p>Izlo\u017ebe2022. ZAGREB 9.Triennale akvarela &#8211; PAVILJON ME\u0160TROVI\u0106 2022. SLAVONSKI BROD 9. Triennale akvarela 2022. KARLOVAC 9. Triennale akvarela 2022. PULA Tematski projekt HDLU-ISTRE 2022. DUBROVNIK Skupna izlo\u017eba minijatura Dubrovnik &#8211; Gradska knji\u017enica 2021. VRANJIC U susret Sv. Martinu, Vranjic, Kulturni centar 2021. DUGI RAT Sje\u0107anje na Vukovar, Dugi Rat, Galerija KRUG2021. SOLIN Mali format, Solin, [&hellip;]<\/p>","protected":false},"author":1,"featured_media":0,"parent":0,"menu_order":0,"comment_status":"closed","ping_status":"closed","template":"","meta":{"_et_pb_use_builder":"on","_et_pb_old_content":"","_et_gb_content_width":"","footnotes":""},"class_list":["post-56","page","type-page","status-publish","hentry"],"_links":{"self":[{"href":"https:\/\/gluic.com\/en\/wp-json\/wp\/v2\/pages\/56","targetHints":{"allow":["GET"]}}],"collection":[{"href":"https:\/\/gluic.com\/en\/wp-json\/wp\/v2\/pages"}],"about":[{"href":"https:\/\/gluic.com\/en\/wp-json\/wp\/v2\/types\/page"}],"author":[{"embeddable":true,"href":"https:\/\/gluic.com\/en\/wp-json\/wp\/v2\/users\/1"}],"replies":[{"embeddable":true,"href":"https:\/\/gluic.com\/en\/wp-json\/wp\/v2\/comments?post=56"}],"version-history":[{"count":9,"href":"https:\/\/gluic.com\/en\/wp-json\/wp\/v2\/pages\/56\/revisions"}],"predecessor-version":[{"id":1095,"href":"https:\/\/gluic.com\/en\/wp-json\/wp\/v2\/pages\/56\/revisions\/1095"}],"wp:attachment":[{"href":"https:\/\/gluic.com\/en\/wp-json\/wp\/v2\/media?parent=56"}],"curies":[{"name":"wp","href":"https:\/\/api.w.org\/{rel}","templated":true}]}}